{"id":2271,"date":"2019-02-09T17:33:25","date_gmt":"2019-02-09T17:33:25","guid":{"rendered":"https:\/\/www.countryslowliving.com\/?page_id=2271"},"modified":"2024-05-03T09:18:06","modified_gmt":"2024-05-03T09:18:06","slug":"privacy","status":"publish","type":"page","link":"https:\/\/www.countryslowliving.com\/it\/privacy\/","title":{"rendered":"Condizioni di prenotazione &#038; informativa sulla privacy"},"content":{"rendered":"<p>[vc_row][vc_column][vc_column_text]<\/p>\n<h4><strong>1 &#8211; CONDIZIONI DI PRENOTAZIONE<\/strong><\/h4>\n<h4><strong>2\u00a0&#8211; INFORMATIVA SULLA PRIVACY<\/strong><\/h4>\n<h5>PRENOTAZIONE<\/h5>\n<p>Al momento della prenotazione \u00e8 richiesto un acconto pari al 15% del costo totale del soggiorno.<\/p>\n<p>Per qualsiasi modifica o cancellazione della prenotazione \u00e8 necessario contattare il personale della reception info@countryslowliving.com.<br \/>\nIn caso di spostamento della prenotazione in un periodo in cui il costo \u00e8 superiore, il cliente \u00e8 tenuto a pagare la differenza di prezzo.<\/p>\n<h5>CANCELLAZIONE<\/h5>\n<p>In caso di cancellazione entro 31 giorni prima dell&#8217;arrivo, la caparra verr\u00e0 interamente restituita.<\/p>\n<p>Se la prenotazione viene cancellata tra 30 e 15 giorni prima dell&#8217;arrivo, la caparra verr\u00e0 trattenuta e non rimborsata.<br \/>\nIn caso di cancellazione 14 giorni o meno prima dell&#8217;arrivo, il cliente \u00e8 tenuto a pagare il 100% del costo del soggiorno.<\/p>\n<p>NO SHOW: In caso di mancata presentazione, l&#8217;ospite \u00e8 tenuto al pagamento dell&#8217;intero importo della prenotazione.<br \/>\nPARTENZA ANTICIPATA: In caso di partenza anticipata, l&#8217;ospite \u00e8 tenuto al pagamento dell&#8217;intero importo della prenotazione.<\/p>\n<h5>POLITICA DI CHECK-IN\/OUT<\/h5>\n<p>Normalmente, l&#8217;orario del check-in \u00e8 dopo le 14:00 e fino alle 20:00.<\/p>\n<p>Check-out entro le 9.30 \/ 10: 00. Tuttavia, siamo flessibili negli orari purch\u00e9 non ci siano check-in \/ out back-to-back in conflitto.<\/p>\n<p>In caso di ritardi del volo o inconvenienti durante il viaggio, i clienti devono contattarci al pi\u00f9 presto. Non possiamo garantire il check-in anticipato o il check-out posticipato se non confermato da noi in anticipo. Il prezzo della prenotazione non include i trasferimenti da e per l&#8217;aeroporto o il porto verso l\u2019alloggio.<\/p>\n<p>Vi preghiamo di contattarci con l&#8217;orario di arrivo previsto a Paciano (PG) in modo che possiamo organizzare il vostro check-in.<\/p>\n<p>Un deposito cauzionale rimborsabile di 100 euro per le case per 2 persone o 200 euro per le case di 4 persone o 400 euro per le case di oltre 5 persone &#8211; \u00e8 dovuto al check-in e rimborsato al check-out.<\/p>\n<h5>COMPORTAMENTO E DANNI ALLA PROPRIET\u00c0<\/h5>\n<p>Completando il modulo di prenotazione sei responsabile della gestione corretta dell\u2019alloggio. Sei responsabile per qualsiasi perdita o danno che tu o i membri della tua parte possano causare alla propriet\u00e0 o al suo contenuto. Sei tenuto a segnalarci eventuali danni e a sostenere i costi di riparazione o sostituzione. Ti impegni a consegnare la propriet\u00e0 e il suo contenuto alla fine del periodo di noleggio nelle stesse condizioni in cui l\u2019hai trovata al tuo arrivo. La tua responsabilit\u00e0 nei nostri confronti per danni causati alla propriet\u00e0 e al suo contenuto non \u00e8 limitata all&#8217;importo del deposito cauzionale.<\/p>\n<h5>ESCLUSIONE DI RESPONSABILIT\u00c0 PER LESIONI DEGLI OSPITI<\/h5>\n<p>Accetti che non possiamo essere ritenuti responsabili per qualsiasi incidente, malattia o infortunio subito da te o dai tuoi ospiti durante il tuo soggiorno presso la struttura in qualsiasi circostanza. L&#8217;uso della piscina \u00e8 sotto la vostra responsabilit\u00e0. E gli ospiti sin da subito rinunciano a qualsiasi pretesa che potrebbero avere contro di noi per morte, incidente, malattia o lesioni subite da voi o da uno dei vostri ospiti.<\/p>\n<h5>PULIZIA E MANUTENZIONE<\/h5>\n<p>La propriet\u00e0 verr\u00e0 pulita all&#8217;inizio del periodo di prenotazione, prima del vostro arrivo. Tuttavia, gli ospiti devono lasciare la struttura pulita e in ordine al momento della partenza.<\/p>\n<p>Se la propriet\u00e0 non viene lasciata in condizioni accettabili, la somma di 100 euro verr\u00e0 detratta dal deposito cauzionale.<\/p>\n<h5>OGGETTI PREZIOSI<\/h5>\n<p>Gli oggetti di valore lasciati presso la propriet\u00e0 sono a rischio del cliente. Non siamo responsabili per la loro perdita o posizionamento errato. Ti impegni a garantire che le finestre e le porte della casa vengano lasciate chiuse e bloccate quando la casa non \u00e8 occupata.<\/p>\n<h1><\/h1>\n<h4>2 &#8211; INFORMATIVA SULLA PRIVACY<\/h4>\n<p>Abbiamo fornito la presente Informativa sulla privacy, che stabilisce le nostre condizioni relative alla raccolta, all&#8217;uso e alla protezione delle informazioni personali di coloro che utilizzano il sito Web Country Slow Living. Informazioni personali: informazioni che possono essere collegate a una persona specifica, come nome, indirizzo, indirizzo IP, numero di telefono, indirizzo e-mail e numero di carta di credito.<\/p>\n<p>Ti invitiamo a rivedere la nostra Informativa sulla privacy e acquisirne familiarit\u00e0, ma vi assicuriamo che non vendiamo o affittiamo le informazioni personali dei nostri clienti a terzi.<\/p>\n<p>Vi informiamo che di periodicamente rivediamo la nostra Informativa sulla privacy e potremmo apportare periodiche modifiche alla politica in relazione a tale revisione. Pertanto, potresti voler aggiungere questa pagina ai segnalibri e \/ o rivedere periodicamente questa pagina per assicurarti di avere la versione corrente.<\/p>\n<p>Questa Informativa sulla privacy spiega quanto segue:<\/p>\n<p>Quali informazioni personali raccoglie Country Slow Living quando si naviga sul nostro sito, non \u00e8 necessario fornire alcuna informazione personale a meno che e fino a quando non si sceglie di effettuare un acquisto o iscriversi a una delle nostre newsletter via e-mail o altri servizi come descritto di seguito. Non consentiamo consapevolmente che il sito venga utilizzato da persone di et\u00e0 inferiore ai diciotto anni e non raccogliamo consapevolmente alcuna informazione personale dai bambini (vale a dire quelli di et\u00e0 inferiore ai tredici anni).<\/p>\n<h5><strong>Effettuare una prenotazione<\/strong><\/h5>\n<p>Per prenotare un alloggio e servizi correlati attraverso il nostro sito, \u00e8 necessario fornire determinate informazioni personali come nome, numero di carta di credito e data di scadenza, indirizzo di fatturazione della carta di credito, numero di telefono, indirizzo e-mail e nome o nomi delle persone che viaggiano.<\/p>\n<h5><strong>Registrazione<\/strong><\/h5>\n<p>Se scegli di diventare un membro registrato di # countryslowliving.com #, devi fornire il tuo nome, indirizzo e-mail, un nome di accesso e password univoci. Altre informazioni possono essere raccolte su base volontaria. Come membro di countryslowliving.com riceverai occasionalmente anche aggiornamenti su offerte speciali, nuovi servizi Country Slow Living e altri articoli degni di nota. Tuttavia, \u00e8 possibile scegliere in qualsiasi momento di non ricevere pi\u00f9 questo tipo di messaggi di posta elettronica. Fornendo un numero di telefono, \u00e8 implicito che ci stai dando il consenso a contattarti indipendentemente dal fatto che il numero di telefono sia elencato in qualsiasi elenco &#8220;Non chiamare&#8221;.<\/p>\n<h5><strong>Profilo<\/strong><\/h5>\n<p>Come membro di countryslowliving.com, puoi scegliere di completare il tuo profilo online fornendoci le tue preferenze di viaggio. Queste informazioni vengono utilizzate principalmente per aiutarci a trovare l&#8217;offerta di viaggio pi\u00f9 adatta a te. Con il tuo login e password, puoi in qualsiasi momento aggiornare o rimuovere le informazioni fornite.<\/p>\n<p>Registrazione automatica dei dati della sessione<\/p>\n<p>Registriamo automaticamente informazioni generiche sulla connessione del tuo computer a Internet, che chiamiamo &#8220;dati di sessione&#8221;. I dati della sessione sono costituiti da elementi quali l&#8217;indirizzo IP, il sistema operativo e il tipo di software browser utilizzato e le attivit\u00e0 svolte dall&#8217;utente mentre si trovano sul nostro sito. Un indirizzo IP \u00e8 un numero che consente ai computer collegati a Internet, come i nostri server Web, di sapere dove inviare i dati all&#8217;utente, come le pagine del sito che l&#8217;utente desidera visualizzare. Raccogliamo i dati della sessione perch\u00e9 ci aiutano ad analizzare elementi su cui i visitatori possono fare maggiormente clic, il modo in cui i visitatori fanno clic sul sito, quanti visitatori navigano su varie pagine del sito, per quanto tempo i visitatori rimangono nel sito e quanto spesso lo visitano. Ci aiuta anche a diagnosticare problemi con i nostri server e ci consente di amministrare meglio i nostri sistemi. \u00c8 possibile determinare da un indirizzo IP un Internet Service Provider (ISP) del visitatore e la posizione geografica approssimativa del suo punto di connettivit\u00e0. Potremmo anche utilizzare alcuni dati di sessione, come le pagine visitate sul nostro sito, per inviarti e-mail a meno che tu non abbia precedentemente rinunciato a ricevere tali messaggi.<\/p>\n<h5>Cookie<\/h5>\n<p>I &#8220;cookie&#8221; sono piccole informazioni che vengono archiviate dal browser sul disco rigido del computer. Ci sono molti miti che circolano sui cookie, ma dovresti sapere che i cookie vengono letti solo dal server che li ha inseriti e non sono in grado di fare cose come eseguire programmi sul tuo computer, virus o raccogliere le tue informazioni personali. L&#8217;uso dei cookie \u00e8 molto comune su Internet e l&#8217;uso dei cookie di countryslowliving.com \u00e8 simile a quello di siti come Expedia e Travelocity, nonch\u00e9 di Google, CNN.com e altre rinomate societ\u00e0 online.<\/p>\n<p>Innanzitutto, puoi essere certo che nessuna informazione personale su di te viene raccolta o memorizzata nei cookie inseriti dal sito Web countryslowliving.com e, di conseguenza, non pu\u00f2 essere trasmessa a terzi.<\/p>\n<p>I cookie ci consentono di offrirti un servizio migliore e pi\u00f9 efficiente e di personalizzare la tua esperienza sul nostro sito.<\/p>\n<p>Un cookie pu\u00f2 anche essere inserito dal nostro server pubblicitario. Tali cookie sono utilizzati al solo fine di tracciare l&#8217;efficacia della pubblicit\u00e0 fornita da noi sul nostro sito e nessuna informazione personale su di te viene raccolta mediante l&#8217;uso di questi cookie, n\u00e9 queste informazioni vengono condivise con terze parti. Allo stesso modo, un cookie pu\u00f2 essere inserito da societ\u00e0 pubblicitarie di terze parti. Queste societ\u00e0 possono utilizzare statistiche aggregate sulle tue visite a questo e ad altri siti Web al fine di fornire annunci pubblicitari su beni e servizi relativi ai viaggi che potrebbero interessarti. Le informazioni che raccolgono non includono le tue informazioni personali.<\/p>\n<p>Le societ\u00e0 pubblicitarie di terze parti possono anche utilizzare la tecnologia per misurare l&#8217;efficacia degli annunci. Tali informazioni sono anonime. Possono utilizzare queste informazioni anonime sulle tue visite a questo e ad altri siti al fine di fornire annunci pubblicitari su beni e servizi di potenziale interesse per te. Nessuna informazione personale su di te viene raccolta durante questo processo. Le informazioni sono anonime e non collegano le azioni online a una persona identificabile.<\/p>\n<p>La maggior parte dei browser accetta automaticamente i cookie. Naturalmente, modificando le opzioni sul tuo browser Web o utilizzando determinati programmi software, puoi controllare come e se i cookie saranno accettati dal tuo browser. Country Slow Living sostiene il tuo diritto di bloccare qualsiasi attivit\u00e0 Internet indesiderata, in particolare quella di siti Web senza scrupoli. Tuttavia, il blocco dei cookie countryslowliving.com potrebbe disabilitare alcune funzionalit\u00e0 del nostro sito e potrebbe rendere impossibile l&#8217;acquisto o l&#8217;utilizzo di determinati servizi disponibili. Si noti che \u00e8 possibile bloccare l&#8217;attivit\u00e0 dei cookie da determinati siti Web consentendo al contempo i cookie di siti di cui ti fidi, come countryslowliving.com.<\/p>\n<h5>Altro<\/h5>\n<p>Periodicamente aggiungiamo o miglioriamo i servizi disponibili sul sito. Se decidi di utilizzare i suddetti servizi, noi utilizzeremo le informazioni da fornite per facilitare la tua richiesta. Ad esempio, se ci invii un&#8217;email con una domanda, utilizzeremo il tuo indirizzo e-mail, il numero di telefono, il nome, la natura della domanda, ecc. per rispondere. Potremmo anche archiviare tali informazioni per aiutarci a rendere il sito migliore e pi\u00f9 facile da usare.<\/p>\n<p>Grazie per aver utilizzato countryslowliving.com!<\/p>\n<h5>AIUTACI AD ESSERE GREEN!<\/h5>\n<p>Gestiamo un&#8217;azienda agricola biologica certificata. Produciamo olio extra vergine di oliva biologico e miele biologico che, se lo desideri, puoi acquistare direttamente da noi, cos\u00ec come il vino della nostra cantina.<\/p>\n<p>Puoi lasciare bottiglie di plastica, bottiglie di vetro e carta nei contenitori contrassegnati nell&#8217;area di riciclaggio. Lascia la spazzatura nei contenitori grigi fuori dal cancello.<\/p>\n<p>Si prega di bere la nostra acqua che \u00e8 potabile in modo da usare meno bottiglia di plastica! Per favore, se fumi, fallo fuori casa.<\/p>\n<p>Quando esci di casa: per favore spegni tutte le luci &#8211; per favore chiudi tutte le finestre e chiudi tutte le porte.<\/p>\n<p>Assicurati di controllare che le finestre siano chiuse sul chiavistello poich\u00e9 il vento qui a volte pu\u00f2 causarne l&#8217;apertura. Ci\u00f2 impedisce anche eventuali tentativi di furto &#8230;. Assicurati che le luci del giardino siano spente durante il giorno. Quando fa caldo, \u00e8 meglio chiudere le persiane che manterranno la casa fresca.<\/p>\n<p>Le finestre sono realizzate con uno speciale vetro termico che manterr\u00e0 il calore se rimangono chiuse quando non ci sei.<\/p>\n<p>Si prega di utilizzare la copertura di plastica bianca sotto la tovaglia quando si apparecchia il tavolo. Si prega di fare la doccia prima di utilizzare la piscina (la doccia si trova nell&#8217;area della piscina). Quando lasci la piscina, per favore, chiudi gli ombrelloni.<\/p>\n<p>Si prega di lasciare plastica e vetro nei contenitori indicati situati fuori.<\/p>\n<p>Tutti gli ospiti sono accolti personalmente dai proprietari e riceveranno attenzione e cure personali durante il loro soggiorno.<\/p>\n<p>Siamo disponibili ad aiutarti ad organizzare il tuo viaggio per approfittare dei tanti interessi culturali e gastronomici che abbondano in questa zona. Scopri la degustazione di vini, la deliziosa cucina locale, lo shopping, le romantiche passeggiate nella campagna umbra e toscana.<\/p>\n<p>O semplicemente potrai scegliere di goderti tranquillamente la natura che ci circonda, leggere, contemplare e approfittare della pace e della serenit\u00e0 di questi luoghi.<\/p>\n<p>Faremo tutto il possibile per garantire un&#8217;esperienza di vacanza indimenticabile.<\/p>\n<p>Nota: \u00e8 importante farci sapere quando arriverai in modo che possiamo darti il benvenuto correttamente!<\/p>\n<p>Si prega di leggere le nostre indicazioni prima dell&#8217;arrivo e di notare che il check in \u00e8 dopo le 2.00 e il check out alle 9.30. Ovviamente faremo del nostro meglio per soddisfare le tue esigenze!<\/p>\n<p>Il riscaldamento non pu\u00f2 essere acceso, per legge, prima del 1 \u00b0 novembre o dopo il 31 marzo.<\/p>\n<p>Le piscine sono aperte dal 1 \u00b0 maggio, a volte prima di questa data e fino a met\u00e0 ottobre, ma le date possono cambiare in base alle previsioni del tempo.<\/p>\n<p>Il costo del riscaldamento parte da 30 euro al giorno.[\/vc_column_text][\/vc_column][\/vc_row]<\/p>\n","protected":false},"excerpt":{"rendered":"<p>[vc_row][vc_column][vc_column_text] 1 &#8211; CONDIZIONI DI PRENOTAZIONE 2\u00a0&#8211; INFORMATIVA SULLA PRIVACY PRENOTAZIONE Al momento della prenotazione \u00e8 richiesto un acconto pari al 15% del costo totale del soggiorno. Per qualsiasi modifica o cancellazione della prenotazione \u00e8 necessario contattare il personale della reception info@countryslowliving.com. In caso di spostamento della prenotazione in un periodo in cui il costo [&hellip;]<\/p>\n","protected":false},"author":13,"featured_media":0,"parent":0,"menu_order":0,"comment_status":"closed","ping_status":"closed","template":"","meta":{"footnotes":""},"class_list":["post-2271","page","type-page","status-publish","hentry"],"yoast_head":"<!-- This site is optimized with the Yoast SEO plugin v27.5 - https:\/\/yoast.com\/product\/yoast-seo-wordpress\/ -->\n<title>Condizioni di prenotazione &amp; informativa sulla privacy - Country Slow Living<\/title>\n<meta name=\"robots\" content=\"index, follow, max-snippet:-1, max-image-preview:large, max-video-preview:-1\" \/>\n<link rel=\"canonical\" href=\"https:\/\/www.countryslowliving.com\/privacy\/\" \/>\n<meta property=\"og:locale\" content=\"it_IT\" \/>\n<meta property=\"og:type\" content=\"article\" \/>\n<meta property=\"og:title\" content=\"Condizioni di prenotazione &amp; informativa sulla privacy - Country Slow Living\" \/>\n<meta property=\"og:description\" content=\"[vc_row][vc_column][vc_column_text] 1 &#8211; CONDIZIONI DI PRENOTAZIONE 2\u00a0&#8211; INFORMATIVA SULLA PRIVACY PRENOTAZIONE Al momento della prenotazione \u00e8 richiesto un acconto pari al 15% del costo totale del soggiorno. Per qualsiasi modifica o cancellazione della prenotazione \u00e8 necessario contattare il personale della reception info@countryslowliving.com. In caso di spostamento della prenotazione in un periodo in cui il costo [&hellip;]\" \/>\n<meta property=\"og:url\" content=\"https:\/\/www.countryslowliving.com\/privacy\/\" \/>\n<meta property=\"og:site_name\" content=\"Country Slow Living\" \/>\n<meta property=\"article:modified_time\" content=\"2024-05-03T09:18:06+00:00\" \/>\n<meta name=\"twitter:card\" content=\"summary_large_image\" \/>\n<meta name=\"twitter:label1\" content=\"Tempo di lettura stimato\" \/>\n\t<meta name=\"twitter:data1\" content=\"9 minuti\" \/>\n<script type=\"application\/ld+json\" class=\"yoast-schema-graph\">{\"@context\":\"https:\\\/\\\/schema.org\",\"@graph\":[{\"@type\":\"WebPage\",\"@id\":\"https:\\\/\\\/www.countryslowliving.com\\\/privacy\\\/\",\"url\":\"https:\\\/\\\/www.countryslowliving.com\\\/privacy\\\/\",\"name\":\"Condizioni di prenotazione & informativa sulla privacy - Country Slow Living\",\"isPartOf\":{\"@id\":\"https:\\\/\\\/www.countryslowliving.com\\\/#website\"},\"datePublished\":\"2019-02-09T17:33:25+00:00\",\"dateModified\":\"2024-05-03T09:18:06+00:00\",\"breadcrumb\":{\"@id\":\"https:\\\/\\\/www.countryslowliving.com\\\/privacy\\\/#breadcrumb\"},\"inLanguage\":\"it-IT\",\"potentialAction\":[{\"@type\":\"ReadAction\",\"target\":[\"https:\\\/\\\/www.countryslowliving.com\\\/privacy\\\/\"]}]},{\"@type\":\"BreadcrumbList\",\"@id\":\"https:\\\/\\\/www.countryslowliving.com\\\/privacy\\\/#breadcrumb\",\"itemListElement\":[{\"@type\":\"ListItem\",\"position\":1,\"name\":\"Home\",\"item\":\"https:\\\/\\\/www.countryslowliving.com\\\/\"},{\"@type\":\"ListItem\",\"position\":2,\"name\":\"[:it]Condizioni di prenotazione &#038; informativa sulla privacy [:en]Reservation Policy &#038; Privacy Policy[:]\"}]},{\"@type\":\"WebSite\",\"@id\":\"https:\\\/\\\/www.countryslowliving.com\\\/#website\",\"url\":\"https:\\\/\\\/www.countryslowliving.com\\\/\",\"name\":\"Country Slow Living\",\"description\":\"Villas in Tuscany and Umbria\",\"potentialAction\":[{\"@type\":\"SearchAction\",\"target\":{\"@type\":\"EntryPoint\",\"urlTemplate\":\"https:\\\/\\\/www.countryslowliving.com\\\/?s={search_term_string}\"},\"query-input\":{\"@type\":\"PropertyValueSpecification\",\"valueRequired\":true,\"valueName\":\"search_term_string\"}}],\"inLanguage\":\"it-IT\"}]}<\/script>\n<!-- \/ Yoast SEO plugin. -->","yoast_head_json":{"title":"Condizioni di prenotazione & informativa sulla privacy - Country Slow Living","robots":{"index":"index","follow":"follow","max-snippet":"max-snippet:-1","max-image-preview":"max-image-preview:large","max-video-preview":"max-video-preview:-1"},"canonical":"https:\/\/www.countryslowliving.com\/privacy\/","og_locale":"it_IT","og_type":"article","og_title":"Condizioni di prenotazione & informativa sulla privacy - Country Slow Living","og_description":"[vc_row][vc_column][vc_column_text] 1 &#8211; CONDIZIONI DI PRENOTAZIONE 2\u00a0&#8211; INFORMATIVA SULLA PRIVACY PRENOTAZIONE Al momento della prenotazione \u00e8 richiesto un acconto pari al 15% del costo totale del soggiorno. Per qualsiasi modifica o cancellazione della prenotazione \u00e8 necessario contattare il personale della reception info@countryslowliving.com. In caso di spostamento della prenotazione in un periodo in cui il costo [&hellip;]","og_url":"https:\/\/www.countryslowliving.com\/privacy\/","og_site_name":"Country Slow Living","article_modified_time":"2024-05-03T09:18:06+00:00","twitter_card":"summary_large_image","twitter_misc":{"Tempo di lettura stimato":"9 minuti"},"schema":{"@context":"https:\/\/schema.org","@graph":[{"@type":"WebPage","@id":"https:\/\/www.countryslowliving.com\/privacy\/","url":"https:\/\/www.countryslowliving.com\/privacy\/","name":"Condizioni di prenotazione & informativa sulla privacy - Country Slow Living","isPartOf":{"@id":"https:\/\/www.countryslowliving.com\/#website"},"datePublished":"2019-02-09T17:33:25+00:00","dateModified":"2024-05-03T09:18:06+00:00","breadcrumb":{"@id":"https:\/\/www.countryslowliving.com\/privacy\/#breadcrumb"},"inLanguage":"it-IT","potentialAction":[{"@type":"ReadAction","target":["https:\/\/www.countryslowliving.com\/privacy\/"]}]},{"@type":"BreadcrumbList","@id":"https:\/\/www.countryslowliving.com\/privacy\/#breadcrumb","itemListElement":[{"@type":"ListItem","position":1,"name":"Home","item":"https:\/\/www.countryslowliving.com\/"},{"@type":"ListItem","position":2,"name":"[:it]Condizioni di prenotazione &#038; informativa sulla privacy [:en]Reservation Policy &#038; Privacy Policy[:]"}]},{"@type":"WebSite","@id":"https:\/\/www.countryslowliving.com\/#website","url":"https:\/\/www.countryslowliving.com\/","name":"Country Slow Living","description":"Villas in Tuscany and Umbria","potentialAction":[{"@type":"SearchAction","target":{"@type":"EntryPoint","urlTemplate":"https:\/\/www.countryslowliving.com\/?s={search_term_string}"},"query-input":{"@type":"PropertyValueSpecification","valueRequired":true,"valueName":"search_term_string"}}],"inLanguage":"it-IT"}]}},"_links":{"self":[{"href":"https:\/\/www.countryslowliving.com\/it\/wp-json\/wp\/v2\/pages\/2271","targetHints":{"allow":["GET"]}}],"collection":[{"href":"https:\/\/www.countryslowliving.com\/it\/wp-json\/wp\/v2\/pages"}],"about":[{"href":"https:\/\/www.countryslowliving.com\/it\/wp-json\/wp\/v2\/types\/page"}],"author":[{"embeddable":true,"href":"https:\/\/www.countryslowliving.com\/it\/wp-json\/wp\/v2\/users\/13"}],"replies":[{"embeddable":true,"href":"https:\/\/www.countryslowliving.com\/it\/wp-json\/wp\/v2\/comments?post=2271"}],"version-history":[{"count":14,"href":"https:\/\/www.countryslowliving.com\/it\/wp-json\/wp\/v2\/pages\/2271\/revisions"}],"predecessor-version":[{"id":8422,"href":"https:\/\/www.countryslowliving.com\/it\/wp-json\/wp\/v2\/pages\/2271\/revisions\/8422"}],"wp:attachment":[{"href":"https:\/\/www.countryslowliving.com\/it\/wp-json\/wp\/v2\/media?parent=2271"}],"curies":[{"name":"wp","href":"https:\/\/api.w.org\/{rel}","templated":true}]}}