{"id":464,"date":"2017-07-19T09:33:28","date_gmt":"2017-07-19T09:33:28","guid":{"rendered":"http:\/\/www.nicdarkthemes.com\/themes\/hotel\/wp\/demo\/?page_id=464"},"modified":"2025-01-16T17:08:29","modified_gmt":"2025-01-16T17:08:29","slug":"cooking-class","status":"publish","type":"page","link":"https:\/\/www.countryslowliving.com\/it\/cooking-class\/","title":{"rendered":"Cooking Class"},"content":{"rendered":"<p>[vc_row css=&#8221;.vc_custom_1503567654949{margin-top: 50px !important;margin-bottom: 50px !important;}&#8221;][vc_column][vc_column_text]<strong>Lezione di Slow Cooking<\/strong><\/p>\n<p>La lezione si svolge presso la nostra Fattoria Fontanaro. Inizia verso le 10:00 con la degustazione del nostro Olio Extra Vergine di Oliva biologico. Poi farai la tua lezione pratica di cucina e imparerai a preparare un dolce tipico e 3 tipi di pasta fatta a mano (quando sar\u00e0 di stagione sar\u00e0 possibile raccogliere le verdure dal nostro orto biologico). Dopodich\u00e9, pranzerai con tutto il cibo delizioso che hai preparato, tra cui vino e limoncello fatto a mano. La lezione termina verso le 13:30\/14:00 e costa 100 \u20ac a persona. Riceverai anche le nostre ricette via e-mail, per cucinare a casa! \u00c8 un&#8217;esperienza fantastica che tutti i nostri ospiti adorano!<\/p>\n<p>\u00c8 possibile prenotare una lezione individuale o in gruppo mandandoci un\u2019email a\u00a0<strong><a href=\"mailto:info@countryslowliving.com\">info@countryslowliving.com<\/a><\/strong>.[\/vc_column_text][\/vc_column][\/vc_row][vc_row][vc_column][vc_single_image image=&#8221;7948&#8243; img_size=&#8221;full&#8221;][vc_separator][\/vc_column][\/vc_row][vc_row][vc_column][vc_column_text]<\/p>\n<h2 style=\"text-align: center;\"><strong>La cucina non basta? Ecco altre favolose esperienze al Fontanaro<\/strong><\/h2>\n<p>[\/vc_column_text][vc_row_inner][vc_column_inner width=&#8221;1\/5&#8243;][vc_hoverbox image=&#8221;2346&#8243; primary_title=&#8221;&#8221; hover_title=&#8221;Best italian olive oil!&#8221; hover_btn_title=&#8221;Scopri di pi\u00f9&#8221; hover_add_button=&#8221;true&#8221; hover_btn_link=&#8221;url:https%3A%2F%2Fwww.countryslowliving.com%2Folive-oil-tasting%2F|title:Extra%20Virgin%20Olive%20Oil||&#8221;][\/vc_hoverbox][\/vc_column_inner][vc_column_inner width=&#8221;1\/5&#8243;][vc_hoverbox image=&#8221;2462&#8243; primary_title=&#8221;&#8221; hover_title=&#8221;Wine Tasting&#8221; hover_btn_title=&#8221;Scopri di pi\u00f9&#8221; hover_add_button=&#8221;true&#8221; hover_btn_link=&#8221;url:https%3A%2F%2Fwww.countryslowliving.com%2Fwine-tasting%2F|title:Wine%20Tasting||&#8221;][\/vc_hoverbox][\/vc_column_inner][vc_column_inner width=&#8221;1\/5&#8243;][vc_hoverbox image=&#8221;2945&#8243; primary_title=&#8221;&#8221; hover_title=&#8221;Tour in bici&#8221; hover_btn_title=&#8221;Scopri di pi\u00f9&#8221; hover_add_button=&#8221;true&#8221; hover_btn_link=&#8221;url:https%3A%2F%2Fwww.countryslowliving.com%2Fbike-tour-in-umbria%2F|title:Bike%20Tour%20in%20Umbria||&#8221;][\/vc_hoverbox][\/vc_column_inner][vc_column_inner width=&#8221;1\/5&#8243;][vc_hoverbox image=&#8221;2955&#8243; primary_title=&#8221;&#8221; hover_title=&#8221;Vespa!!!&#8221; hover_btn_title=&#8221;Scopri di pi\u00f9&#8221; hover_add_button=&#8221;true&#8221; hover_btn_link=&#8221;url:https%3A%2F%2Fwww.countryslowliving.com%2Fvespa-tours%2F|title:Vespa%20Tours||&#8221;][\/vc_hoverbox][\/vc_column_inner][vc_column_inner width=&#8221;1\/5&#8243;][vc_hoverbox image=&#8221;2941&#8243; primary_title=&#8221;&#8221; hover_title=&#8221;Lezioni di Yoga&#8221; hover_btn_title=&#8221;Scopri di pi\u00f9&#8221; hover_add_button=&#8221;true&#8221; hover_btn_link=&#8221;url:https%3A%2F%2Fwww.countryslowliving.com%2Fyoga-classes%2F|title:Yoga%20Classes||&#8221;][\/vc_hoverbox][\/vc_column_inner][\/vc_row_inner][\/vc_column][\/vc_row][vc_row][vc_column][vc_empty_space][\/vc_column][\/vc_row]<\/p>\n","protected":false},"excerpt":{"rendered":"<p>[vc_row css=&#8221;.vc_custom_1503567654949{margin-top: 50px !important;margin-bottom: 50px !important;}&#8221;][vc_column][vc_column_text]Lezione di Slow Cooking La lezione si svolge presso la nostra Fattoria Fontanaro. Inizia verso le 10:00 con la degustazione del nostro Olio Extra Vergine di Oliva biologico. Poi farai la tua lezione pratica di cucina e imparerai a preparare un dolce tipico e 3 tipi di pasta fatta a [&hellip;]<\/p>\n","protected":false},"author":13,"featured_media":0,"parent":0,"menu_order":0,"comment_status":"closed","ping_status":"closed","template":"","meta":{"footnotes":""},"class_list":["post-464","page","type-page","status-publish","hentry"],"yoast_head":"<!-- This site is optimized with the Yoast SEO plugin v27.5 - https:\/\/yoast.com\/product\/yoast-seo-wordpress\/ -->\n<title>Cooking Class - Country Slow Living<\/title>\n<meta name=\"robots\" content=\"index, follow, max-snippet:-1, max-image-preview:large, max-video-preview:-1\" \/>\n<link rel=\"canonical\" href=\"https:\/\/www.countryslowliving.com\/cooking-class\/\" \/>\n<meta property=\"og:locale\" content=\"it_IT\" \/>\n<meta property=\"og:type\" content=\"article\" \/>\n<meta property=\"og:title\" content=\"Cooking Class - Country Slow Living\" \/>\n<meta property=\"og:description\" content=\"[vc_row css=&#8221;.vc_custom_1503567654949{margin-top: 50px !important;margin-bottom: 50px !important;}&#8221;][vc_column][vc_column_text]Lezione di Slow Cooking La lezione si svolge presso la nostra Fattoria Fontanaro. Inizia verso le 10:00 con la degustazione del nostro Olio Extra Vergine di Oliva biologico. Poi farai la tua lezione pratica di cucina e imparerai a preparare un dolce tipico e 3 tipi di pasta fatta a [&hellip;]\" \/>\n<meta property=\"og:url\" content=\"https:\/\/www.countryslowliving.com\/cooking-class\/\" \/>\n<meta property=\"og:site_name\" content=\"Country Slow Living\" \/>\n<meta property=\"article:modified_time\" content=\"2025-01-16T17:08:29+00:00\" \/>\n<meta name=\"twitter:card\" content=\"summary_large_image\" \/>\n<meta name=\"twitter:label1\" content=\"Tempo di lettura stimato\" \/>\n\t<meta name=\"twitter:data1\" content=\"1 minuto\" \/>\n<script type=\"application\/ld+json\" class=\"yoast-schema-graph\">{\"@context\":\"https:\\\/\\\/schema.org\",\"@graph\":[{\"@type\":\"WebPage\",\"@id\":\"https:\\\/\\\/www.countryslowliving.com\\\/cooking-class\\\/\",\"url\":\"https:\\\/\\\/www.countryslowliving.com\\\/cooking-class\\\/\",\"name\":\"Cooking Class - Country Slow Living\",\"isPartOf\":{\"@id\":\"https:\\\/\\\/www.countryslowliving.com\\\/#website\"},\"datePublished\":\"2017-07-19T09:33:28+00:00\",\"dateModified\":\"2025-01-16T17:08:29+00:00\",\"breadcrumb\":{\"@id\":\"https:\\\/\\\/www.countryslowliving.com\\\/cooking-class\\\/#breadcrumb\"},\"inLanguage\":\"it-IT\",\"potentialAction\":[{\"@type\":\"ReadAction\",\"target\":[\"https:\\\/\\\/www.countryslowliving.com\\\/cooking-class\\\/\"]}]},{\"@type\":\"BreadcrumbList\",\"@id\":\"https:\\\/\\\/www.countryslowliving.com\\\/cooking-class\\\/#breadcrumb\",\"itemListElement\":[{\"@type\":\"ListItem\",\"position\":1,\"name\":\"Home\",\"item\":\"https:\\\/\\\/www.countryslowliving.com\\\/\"},{\"@type\":\"ListItem\",\"position\":2,\"name\":\"Cooking Class\"}]},{\"@type\":\"WebSite\",\"@id\":\"https:\\\/\\\/www.countryslowliving.com\\\/#website\",\"url\":\"https:\\\/\\\/www.countryslowliving.com\\\/\",\"name\":\"Country Slow Living\",\"description\":\"Villas in Tuscany and Umbria\",\"potentialAction\":[{\"@type\":\"SearchAction\",\"target\":{\"@type\":\"EntryPoint\",\"urlTemplate\":\"https:\\\/\\\/www.countryslowliving.com\\\/?s={search_term_string}\"},\"query-input\":{\"@type\":\"PropertyValueSpecification\",\"valueRequired\":true,\"valueName\":\"search_term_string\"}}],\"inLanguage\":\"it-IT\"}]}<\/script>\n<!-- \/ Yoast SEO plugin. -->","yoast_head_json":{"title":"Cooking Class - Country Slow Living","robots":{"index":"index","follow":"follow","max-snippet":"max-snippet:-1","max-image-preview":"max-image-preview:large","max-video-preview":"max-video-preview:-1"},"canonical":"https:\/\/www.countryslowliving.com\/cooking-class\/","og_locale":"it_IT","og_type":"article","og_title":"Cooking Class - Country Slow Living","og_description":"[vc_row css=&#8221;.vc_custom_1503567654949{margin-top: 50px !important;margin-bottom: 50px !important;}&#8221;][vc_column][vc_column_text]Lezione di Slow Cooking La lezione si svolge presso la nostra Fattoria Fontanaro. Inizia verso le 10:00 con la degustazione del nostro Olio Extra Vergine di Oliva biologico. Poi farai la tua lezione pratica di cucina e imparerai a preparare un dolce tipico e 3 tipi di pasta fatta a [&hellip;]","og_url":"https:\/\/www.countryslowliving.com\/cooking-class\/","og_site_name":"Country Slow Living","article_modified_time":"2025-01-16T17:08:29+00:00","twitter_card":"summary_large_image","twitter_misc":{"Tempo di lettura stimato":"1 minuto"},"schema":{"@context":"https:\/\/schema.org","@graph":[{"@type":"WebPage","@id":"https:\/\/www.countryslowliving.com\/cooking-class\/","url":"https:\/\/www.countryslowliving.com\/cooking-class\/","name":"Cooking Class - Country Slow Living","isPartOf":{"@id":"https:\/\/www.countryslowliving.com\/#website"},"datePublished":"2017-07-19T09:33:28+00:00","dateModified":"2025-01-16T17:08:29+00:00","breadcrumb":{"@id":"https:\/\/www.countryslowliving.com\/cooking-class\/#breadcrumb"},"inLanguage":"it-IT","potentialAction":[{"@type":"ReadAction","target":["https:\/\/www.countryslowliving.com\/cooking-class\/"]}]},{"@type":"BreadcrumbList","@id":"https:\/\/www.countryslowliving.com\/cooking-class\/#breadcrumb","itemListElement":[{"@type":"ListItem","position":1,"name":"Home","item":"https:\/\/www.countryslowliving.com\/"},{"@type":"ListItem","position":2,"name":"Cooking Class"}]},{"@type":"WebSite","@id":"https:\/\/www.countryslowliving.com\/#website","url":"https:\/\/www.countryslowliving.com\/","name":"Country Slow Living","description":"Villas in Tuscany and Umbria","potentialAction":[{"@type":"SearchAction","target":{"@type":"EntryPoint","urlTemplate":"https:\/\/www.countryslowliving.com\/?s={search_term_string}"},"query-input":{"@type":"PropertyValueSpecification","valueRequired":true,"valueName":"search_term_string"}}],"inLanguage":"it-IT"}]}},"_links":{"self":[{"href":"https:\/\/www.countryslowliving.com\/it\/wp-json\/wp\/v2\/pages\/464","targetHints":{"allow":["GET"]}}],"collection":[{"href":"https:\/\/www.countryslowliving.com\/it\/wp-json\/wp\/v2\/pages"}],"about":[{"href":"https:\/\/www.countryslowliving.com\/it\/wp-json\/wp\/v2\/types\/page"}],"author":[{"embeddable":true,"href":"https:\/\/www.countryslowliving.com\/it\/wp-json\/wp\/v2\/users\/13"}],"replies":[{"embeddable":true,"href":"https:\/\/www.countryslowliving.com\/it\/wp-json\/wp\/v2\/comments?post=464"}],"version-history":[{"count":27,"href":"https:\/\/www.countryslowliving.com\/it\/wp-json\/wp\/v2\/pages\/464\/revisions"}],"predecessor-version":[{"id":8655,"href":"https:\/\/www.countryslowliving.com\/it\/wp-json\/wp\/v2\/pages\/464\/revisions\/8655"}],"wp:attachment":[{"href":"https:\/\/www.countryslowliving.com\/it\/wp-json\/wp\/v2\/media?parent=464"}],"curies":[{"name":"wp","href":"https:\/\/api.w.org\/{rel}","templated":true}]}}